

{"id":1748,"date":"2024-05-10T18:23:05","date_gmt":"2024-05-10T23:23:05","guid":{"rendered":"https:\/\/buenavista.design\/servicios\/?page_id=1748"},"modified":"2024-05-10T19:28:49","modified_gmt":"2024-05-11T00:28:49","slug":"contacto","status":"publish","type":"page","link":"https:\/\/buenavista.design\/servicios\/contacto\/","title":{"rendered":"Contacto"},"content":{"rendered":"<div  class=\"tpgb-container-row tpgb-block-da31_1748    section1-contacto alignfull   tpgb-container-inline tpgb-container-full  \" data-id=\"da31_1748\"  >\n<div  class=\"tpgb-container-row tpgb-block-18b7_1748    container1 alignwide   tpgb-container-inline tpgb-container-wide  \" data-id=\"18b7_1748\"  ><div class=\"tpgb-cont-in\">\n<div class=\"yoast-breadcrumbs\"><span><span><a href=\"https:\/\/buenavista.design\/servicios\/\">Home<\/a><\/span> navigate_next <span class=\"breadcrumb_last\" aria-current=\"page\">Contacto<\/span><\/span><\/div>\n<\/div><\/div>\n\n<div id=\"contact-us\" class=\"tpgb-container-row tpgb-block-ac67_1748    container2 alignwide   tpgb-container-wide  \" data-id=\"ac67_1748\"  ><div class=\"tpgb-cont-in\">\n<div class=\"tpgb-container-col tpgb-block-d28b_1748 bloq1\" data-id=\"d28b_1748\"  >\n\n<div class=\"wp-block-tpgb-tp-image tpgb-image tpgb-block-a978_1748\"><figure class=\"tpgb-figure\"><img decoding=\"async\" src=\"https:\/\/buenavista.design\/servicios\/wp-content\/uploads\/2024\/04\/img-section11-home-bloq1-PC.png\" class=\"tpgb-img-inner\"\/><\/figure><\/div>\n\n\n<div  class=\"tpgb-heading-title tpgb-relative-block heading_style tpgb-block-6587_1748  heading-style-2\"><div class=\"sub-style\"><div class=\"head-title \"><h1 class=\"heading-title\">Cont\u00e1ctanos<\/h1><\/div><\/div><\/div>\n\n<div class=\"tpgb-pro-paragraph tpgb-block-fd5b_1748 \"><div class=\"pro-paragraph-inner \"><p class=\"tpgb-propara-txt\">D\u00e9janos tus datos de contacto y conversemos sobre c\u00f3mo podemos colaborar juntos<\/p><\/div><\/div>\n\n<div class=\"tpgb-social-icons style-5  text-left tpgb-block-fc1f_1748 \"><div class=\"tpgb-social-list \"><div id=\"tooltip69dfcd40079f3\" class=\" social-icon-tooltip tp-repeater-item-0 style-5 \"  ><div class=\"tpgb-social-loop-inner \"><a class=\"tpgb-icon-link \" href=\"https:\/\/www.linkedin.com\/company\/buenavista-ad\/\" aria-label=\"\"  target=\"_blank\"   ><span class=\"tpgb-social-icn \"><i class=\"fab fa-linkedin-in\"><\/i><\/span><\/a><\/div><\/div><div id=\"tooltip69dfcd4007a26\" class=\" social-icon-tooltip tp-repeater-item-1 style-5 \"  ><div class=\"tpgb-social-loop-inner \"><a class=\"tpgb-icon-link \" href=\"https:\/\/www.instagram.com\/buenavista.design\/\" aria-label=\"\"  target=\"_blank\"   ><span class=\"tpgb-social-icn \"><i class=\"fab fa-instagram\"><\/i><\/span><\/a><\/div><\/div><\/div><\/div>\n<\/div>\n\n<div class=\"tpgb-container-col tpgb-block-0a85_1748 bloq2\" data-id=\"0a85_1748\"  >\n<div class=\"frm_forms  with_frm_style frm_style_estilos-formidable\" id=\"frm_form_2_container\" >\n<form enctype=\"multipart\/form-data\" method=\"post\" class=\"frm-show-form \" id=\"form_contact-form2\"  >\n<div class=\"frm_form_fields \">\n<fieldset>\n<legend class=\"frm_screen_reader\">Contact Us<\/legend>\r\n\r\n<div class=\"frm_fields_container\">\n<input type=\"hidden\" name=\"frm_action\" value=\"create\" \/>\n<input type=\"hidden\" name=\"form_id\" value=\"2\" \/>\n<input type=\"hidden\" name=\"frm_hide_fields_2\" id=\"frm_hide_fields_2\" value=\"\" \/>\n<input type=\"hidden\" name=\"form_key\" value=\"contact-form2\" \/>\n<input type=\"hidden\" name=\"item_meta[0]\" value=\"\" \/>\n<input type=\"hidden\" id=\"frm_submit_entry_2\" name=\"frm_submit_entry_2\" value=\"6b1b4c8fe0\" \/><input type=\"hidden\" name=\"_wp_http_referer\" value=\"\/servicios\/wp-json\/wp\/v2\/pages\/1748\" \/><div id=\"frm_field_6_container\" class=\"frm_form_field form-field  frm_required_field frm_top_container frm_first frm_half\">\r\n    <label for=\"field_qh4icy2\" id=\"field_qh4icy2_label\" class=\"frm_primary_label\">Nombre\r\n        <span class=\"frm_required\" aria-hidden=\"true\">*<\/span>\r\n    <\/label>\r\n    <input type=\"text\" id=\"field_qh4icy2\" name=\"item_meta[6]\" value=\"\"  placeholder=\"Ingresa tu nombre\" data-reqmsg=\"Este campo no puede estar en blanco.\" aria-required=\"true\" data-invmsg=\"Name no es v\u00e1lido\" aria-invalid=\"false\"  \/>\r\n    \r\n    \r\n<\/div>\n<div id=\"frm_field_7_container\" class=\"frm_form_field form-field  frm_required_field frm_hidden_container frm_half\">\r\n    <label for=\"field_ocfup12\" id=\"field_ocfup12_label\" class=\"frm_primary_label\">Apellido\r\n        <span class=\"frm_required\" aria-hidden=\"true\">*<\/span>\r\n    <\/label>\r\n    <input type=\"text\" id=\"field_ocfup12\" name=\"item_meta[7]\" value=\"\"  placeholder=\"Ingresa tu apellido\" data-reqmsg=\"Este campo no puede estar en blanco.\" aria-required=\"true\" data-invmsg=\"Last no es v\u00e1lido\" aria-invalid=\"false\"  \/>\r\n    \r\n    \r\n<\/div>\n<div id=\"frm_field_8_container\" class=\"frm_form_field form-field  frm_required_field frm_top_container frm6 frm_first\">\r\n    <label for=\"field_29yf4d2\" id=\"field_29yf4d2_label\" class=\"frm_primary_label\">Correo electr\u00f3nico\r\n        <span class=\"frm_required\" aria-hidden=\"true\">*<\/span>\r\n    <\/label>\r\n    <input type=\"email\" id=\"field_29yf4d2\" name=\"item_meta[8]\" value=\"\"  placeholder=\"Ingresa tu correo electr\u00f3nico\" data-reqmsg=\"Este campo no puede estar en blanco.\" aria-required=\"true\" data-invmsg=\"Please enter a valid email address\" aria-invalid=\"false\"  \/>\r\n    \r\n    \r\n<\/div>\n<div id=\"frm_field_9_container\" class=\"frm_form_field form-field  frm_top_container frm6\">\r\n    <label for=\"field_oh4is\" id=\"field_oh4is_label\" class=\"frm_primary_label\">Servicio en el que est\u00e1s interesado\r\n        <span class=\"frm_required\" aria-hidden=\"true\"><\/span>\r\n    <\/label>\r\n    \t\t<select name=\"item_meta[9]\" id=\"field_oh4is\"  placeholder=\"Selecciona\" data-invmsg=\"Servicio en el que est\u00e1s interesado no es v\u00e1lido\" aria-invalid=\"false\"  >\n\t\t<option  class=\"frm-select-placeholder\" value=\"\" data-placeholder=\"true\">Selecciona<\/option><option  value=\"Dise\u00f1o WEB\">Dise\u00f1o WEB<\/option><option  value=\"SEO\">SEO<\/option><option  value=\"SEM\">SEM<\/option><option  value=\"Mantenimiento WEB\">Mantenimiento WEB<\/option><option  value=\"Animacion 2d y 3D\">Animacion 2d y 3D<\/option><option  value=\"Conceptualizaci\u00f3n\">Conceptualizaci\u00f3n<\/option><option  value=\"Branding\">Branding<\/option><option  value=\"Redes sociales\">Redes sociales<\/option>\t<\/select>\n\t\r\n    \r\n    \r\n<\/div>\n<div id=\"frm_field_10_container\" class=\"frm_form_field form-field  frm_required_field frm_top_container frm3 frm_first\">\r\n    <label for=\"field_fgka6\" id=\"field_fgka6_label\" class=\"frm_primary_label\">N\u00famero telef\u00f3nico\r\n        <span class=\"frm_required\" aria-hidden=\"true\">*<\/span>\r\n    <\/label>\r\n    \t\t<select name=\"item_meta[10]\" id=\"field_fgka6\"  placeholder=\"Selecciona\" data-reqmsg=\"Este campo no puede estar en blanco.\" aria-required=\"true\" data-invmsg=\"N\u00famero telef\u00f3nico no es v\u00e1lido\" aria-invalid=\"false\"  >\n\t\t<option  class=\"frm-select-placeholder\" value=\"\" data-placeholder=\"true\">Selecciona<\/option>\t<\/select>\n\t\r\n    \r\n    \r\n<\/div>\n<div id=\"frm_field_11_container\" class=\"frm_form_field form-field  frm_required_field frm_top_container frm3\">\r\n    <label for=\"field_fcl2e\" id=\"field_fcl2e_label\" class=\"frm_primary_label\">\r\n        <span class=\"frm_required\" aria-hidden=\"true\">*<\/span>\r\n    <\/label>\r\n    <input type=\"tel\" id=\"field_fcl2e\" name=\"item_meta[11]\" value=\"\"  placeholder=\"000 000 00 00\" data-reqmsg=\"Este campo no puede estar en blanco.\" aria-required=\"true\" data-invmsg=\"Tel\u00e9fono no es v\u00e1lido\" aria-invalid=\"false\" pattern=\"((\\+\\d{1,3}(-|.| )?\\(?\\d\\)?(-| |.)?\\d{1,5})|(\\(?\\d{2,6}\\)?))(-|.| )?(\\d{3,4})(-|.| )?(\\d{4})(( x| ext)\\d{1,5}){0,1}$\"  \/>\r\n    \r\n    \r\n<\/div>\n<div id=\"frm_field_12_container\" class=\"frm_form_field form-field  frm_required_field frm_top_container frm_full\">\r\n    <label for=\"field_9jv0r12\" id=\"field_9jv0r12_label\" class=\"frm_primary_label\">Cu\u00e9ntanos acerca de tu proyecto*\r\n        <span class=\"frm_required\" aria-hidden=\"true\">*<\/span>\r\n    <\/label>\r\n    <textarea name=\"item_meta[12]\" id=\"field_9jv0r12\" rows=\"5\"  placeholder=\"Mensaje\" data-reqmsg=\"Este campo no puede estar en blanco.\" aria-required=\"true\" data-invmsg=\"Cu\u00e9ntanos acerca de tu proyecto* no es v\u00e1lido\" aria-invalid=\"false\"  ><\/textarea>\r\n    \r\n    \r\n<\/div>\n<div id=\"frm_field_13_container\" class=\"frm_form_field form-field  frm_top_container vertical_radio\">\r\n    <div  id=\"field_jow84_label\" class=\"frm_primary_label\">\r\n        <span class=\"frm_required\" aria-hidden=\"true\"><\/span>\r\n    <\/div>\r\n    <div class=\"frm_opt_container\" aria-labelledby=\"field_jow84_label\" role=\"group\">\t\t<div class=\"frm_checkbox\" id=\"frm_checkbox_13-0\"><label for=\"field_jow84-0\"><input type=\"checkbox\" name=\"item_meta[13][]\" id=\"field_jow84-0\" value=\"* Estoy de acuerdo con las &lt;span&gt;&lt;a href=&quot;https:\/\/buenavista.design\/politicas-de-privacidad\/&quot; target=&quot;_blank&quot;&gt;pol\u00edticas de privacidad&lt;\/a&gt;&lt;\/span&gt;\"  data-invmsg=\"Este campo no es v\u00e1lido\" aria-invalid=\"false\"   \/> * Estoy de acuerdo con las <span><a href=\"https:\/\/buenavista.design\/politicas-de-privacidad\/\" target=\"_blank\">pol\u00edticas de privacidad<\/a><\/span><\/label><\/div>\n<\/div>\r\n    \r\n    \r\n<\/div>\n\t<input type=\"hidden\" name=\"item_key\" value=\"\" \/>\n\t\t\t\t<div class=\"frm__661c9ecca2efb\">\n\t\t\t\t<label for=\"frm_email_2\" >\n\t\t\t\t\tSi eres humano, deja este campo en blanco.\t\t\t\t<\/label>\n\t\t\t\t<input  id=\"frm_email_2\" type=\"text\" class=\"frm_verify\" name=\"frm__661c9ecca2efb\" value=\"\" autocomplete=\"false\"  \/>\n\t\t\t<\/div>\n\t\t<div class=\"frm_submit frm_flex\">\r\n<button class=\"frm_button_submit\" type=\"submit\"  >Enviar<\/button>\r\n\r\n\r\n\r\n<\/div><\/div>\n<\/fieldset>\n<\/div>\n<\/form>\n<\/div>\n\n<\/div>\n<\/div><\/div>\n<\/div>","protected":false},"excerpt":{"rendered":"","protected":false},"author":1,"featured_media":0,"parent":0,"menu_order":0,"comment_status":"closed","ping_status":"closed","template":"","meta":{"_acf_changed":false,"tpgb_global_settings":"","footnotes":""},"class_list":["post-1748","page","type-page","status-publish","hentry"],"acf":[],"yoast_head":"<!-- This site is optimized with the Yoast SEO Premium plugin v21.7 (Yoast SEO v22.7) - https:\/\/yoast.com\/wordpress\/plugins\/seo\/ -->\n<title>Contacto - Buenavista Marketing digital<\/title>\n<meta name=\"robots\" content=\"noindex, follow, max-snippet:-1, max-image-preview:large, max-video-preview:-1\" \/>\n<meta property=\"og:locale\" content=\"es_ES\" \/>\n<meta property=\"og:type\" content=\"article\" \/>\n<meta property=\"og:title\" content=\"Contacto\" \/>\n<meta property=\"og:url\" content=\"https:\/\/buenavista.design\/servicios\/contacto\/\" \/>\n<meta property=\"og:site_name\" content=\"Buenavista Marketing digital\" \/>\n<meta property=\"article:modified_time\" content=\"2024-05-11T00:28:49+00:00\" \/>\n<meta property=\"og:image\" content=\"https:\/\/buenavista.design\/servicios\/wp-content\/uploads\/2024\/04\/img-section11-home-bloq1-PC.png\" \/>\n<meta name=\"twitter:card\" content=\"summary_large_image\" \/>\n<meta name=\"twitter:label1\" content=\"Tiempo de lectura\" \/>\n\t<meta name=\"twitter:data1\" content=\"1 minuto\" \/>\n<script type=\"application\/ld+json\" class=\"yoast-schema-graph\">{\"@context\":\"https:\/\/schema.org\",\"@graph\":[{\"@type\":\"WebPage\",\"@id\":\"https:\/\/buenavista.design\/servicios\/contacto\/\",\"url\":\"https:\/\/buenavista.design\/servicios\/contacto\/\",\"name\":\"Contacto - Buenavista Marketing digital\",\"isPartOf\":{\"@id\":\"https:\/\/buenavista.design\/servicios\/#website\"},\"primaryImageOfPage\":{\"@id\":\"https:\/\/buenavista.design\/servicios\/contacto\/#primaryimage\"},\"image\":{\"@id\":\"https:\/\/buenavista.design\/servicios\/contacto\/#primaryimage\"},\"thumbnailUrl\":\"https:\/\/buenavista.design\/servicios\/wp-content\/uploads\/2024\/04\/img-section11-home-bloq1-PC.png\",\"datePublished\":\"2024-05-10T23:23:05+00:00\",\"dateModified\":\"2024-05-11T00:28:49+00:00\",\"breadcrumb\":{\"@id\":\"https:\/\/buenavista.design\/servicios\/contacto\/#breadcrumb\"},\"inLanguage\":\"es\",\"potentialAction\":[{\"@type\":\"ReadAction\",\"target\":[\"https:\/\/buenavista.design\/servicios\/contacto\/\"]}]},{\"@type\":\"ImageObject\",\"inLanguage\":\"es\",\"@id\":\"https:\/\/buenavista.design\/servicios\/contacto\/#primaryimage\",\"url\":\"https:\/\/buenavista.design\/servicios\/wp-content\/uploads\/2024\/04\/img-section11-home-bloq1-PC.png\",\"contentUrl\":\"https:\/\/buenavista.design\/servicios\/wp-content\/uploads\/2024\/04\/img-section11-home-bloq1-PC.png\",\"width\":378,\"height\":334,\"caption\":\"Agenda una Cita Buenavista Design\"},{\"@type\":\"BreadcrumbList\",\"@id\":\"https:\/\/buenavista.design\/servicios\/contacto\/#breadcrumb\",\"itemListElement\":[{\"@type\":\"ListItem\",\"position\":1,\"name\":\"Home\",\"item\":\"https:\/\/buenavista.design\/servicios\/\"},{\"@type\":\"ListItem\",\"position\":2,\"name\":\"Contacto\"}]},{\"@type\":\"WebSite\",\"@id\":\"https:\/\/buenavista.design\/servicios\/#website\",\"url\":\"https:\/\/buenavista.design\/servicios\/\",\"name\":\"Buenavista Marketing digital\",\"description\":\"\",\"potentialAction\":[{\"@type\":\"SearchAction\",\"target\":{\"@type\":\"EntryPoint\",\"urlTemplate\":\"https:\/\/buenavista.design\/servicios\/?s={search_term_string}\"},\"query-input\":\"required name=search_term_string\"}],\"inLanguage\":\"es\"}]}<\/script>\n<!-- \/ Yoast SEO Premium plugin. -->","yoast_head_json":{"title":"Contacto - Buenavista Marketing digital","robots":{"index":"noindex","follow":"follow","max-snippet":"max-snippet:-1","max-image-preview":"max-image-preview:large","max-video-preview":"max-video-preview:-1"},"og_locale":"es_ES","og_type":"article","og_title":"Contacto","og_url":"https:\/\/buenavista.design\/servicios\/contacto\/","og_site_name":"Buenavista Marketing digital","article_modified_time":"2024-05-11T00:28:49+00:00","og_image":[{"url":"https:\/\/buenavista.design\/servicios\/wp-content\/uploads\/2024\/04\/img-section11-home-bloq1-PC.png"}],"twitter_card":"summary_large_image","twitter_misc":{"Tiempo de lectura":"1 minuto"},"schema":{"@context":"https:\/\/schema.org","@graph":[{"@type":"WebPage","@id":"https:\/\/buenavista.design\/servicios\/contacto\/","url":"https:\/\/buenavista.design\/servicios\/contacto\/","name":"Contacto - Buenavista Marketing digital","isPartOf":{"@id":"https:\/\/buenavista.design\/servicios\/#website"},"primaryImageOfPage":{"@id":"https:\/\/buenavista.design\/servicios\/contacto\/#primaryimage"},"image":{"@id":"https:\/\/buenavista.design\/servicios\/contacto\/#primaryimage"},"thumbnailUrl":"https:\/\/buenavista.design\/servicios\/wp-content\/uploads\/2024\/04\/img-section11-home-bloq1-PC.png","datePublished":"2024-05-10T23:23:05+00:00","dateModified":"2024-05-11T00:28:49+00:00","breadcrumb":{"@id":"https:\/\/buenavista.design\/servicios\/contacto\/#breadcrumb"},"inLanguage":"es","potentialAction":[{"@type":"ReadAction","target":["https:\/\/buenavista.design\/servicios\/contacto\/"]}]},{"@type":"ImageObject","inLanguage":"es","@id":"https:\/\/buenavista.design\/servicios\/contacto\/#primaryimage","url":"https:\/\/buenavista.design\/servicios\/wp-content\/uploads\/2024\/04\/img-section11-home-bloq1-PC.png","contentUrl":"https:\/\/buenavista.design\/servicios\/wp-content\/uploads\/2024\/04\/img-section11-home-bloq1-PC.png","width":378,"height":334,"caption":"Agenda una Cita Buenavista Design"},{"@type":"BreadcrumbList","@id":"https:\/\/buenavista.design\/servicios\/contacto\/#breadcrumb","itemListElement":[{"@type":"ListItem","position":1,"name":"Home","item":"https:\/\/buenavista.design\/servicios\/"},{"@type":"ListItem","position":2,"name":"Contacto"}]},{"@type":"WebSite","@id":"https:\/\/buenavista.design\/servicios\/#website","url":"https:\/\/buenavista.design\/servicios\/","name":"Buenavista Marketing digital","description":"","potentialAction":[{"@type":"SearchAction","target":{"@type":"EntryPoint","urlTemplate":"https:\/\/buenavista.design\/servicios\/?s={search_term_string}"},"query-input":"required name=search_term_string"}],"inLanguage":"es"}]}},"tpgb_featured_images":null,"tpgb_post_meta_info":{"get_date":"10 mayo, 2024","get_modified_date":"10 mayo, 2024","author_name":"buenavistaDev2024","author_url":"https:\/\/buenavista.design\/servicios\/author\/buenavistadev2024\/","author_email":"j.salas@buenavista.design","author_website":"https:\/\/buenavista.design\/puerto-rico","author_description":"","author_facebook":"","author_twitter":"","author_instagram":"","author_role":["administrator"],"author_firstname":"","author_lastname":"","user_login":"buenavistaDev2024","author_avatar":"<img alt='' src='https:\/\/secure.gravatar.com\/avatar\/2ba9eb2411fe25fd081bda10557a5a1c3959d2b060339ebde63055bf7bc9a37e?s=200&#038;d=mm&#038;r=g' srcset='https:\/\/secure.gravatar.com\/avatar\/2ba9eb2411fe25fd081bda10557a5a1c3959d2b060339ebde63055bf7bc9a37e?s=400&#038;d=mm&#038;r=g 2x' class='avatar avatar-200 photo' height='200' width='200' decoding='async'\/>","author_avatar_url":"https:\/\/secure.gravatar.com\/avatar\/2ba9eb2411fe25fd081bda10557a5a1c3959d2b060339ebde63055bf7bc9a37e?s=96&d=mm&r=g","comment_count":0,"post_likes":0,"post_views":0},"tpgb_post_category":[],"_links":{"self":[{"href":"https:\/\/buenavista.design\/servicios\/wp-json\/wp\/v2\/pages\/1748","targetHints":{"allow":["GET"]}}],"collection":[{"href":"https:\/\/buenavista.design\/servicios\/wp-json\/wp\/v2\/pages"}],"about":[{"href":"https:\/\/buenavista.design\/servicios\/wp-json\/wp\/v2\/types\/page"}],"author":[{"embeddable":true,"href":"https:\/\/buenavista.design\/servicios\/wp-json\/wp\/v2\/users\/1"}],"replies":[{"embeddable":true,"href":"https:\/\/buenavista.design\/servicios\/wp-json\/wp\/v2\/comments?post=1748"}],"version-history":[{"count":0,"href":"https:\/\/buenavista.design\/servicios\/wp-json\/wp\/v2\/pages\/1748\/revisions"}],"wp:attachment":[{"href":"https:\/\/buenavista.design\/servicios\/wp-json\/wp\/v2\/media?parent=1748"}],"curies":[{"name":"wp","href":"https:\/\/api.w.org\/{rel}","templated":true}]}}